{"id":1138,"date":"2024-02-09T22:31:21","date_gmt":"2024-02-10T03:31:21","guid":{"rendered":"https:\/\/interactivasys.com\/blog\/?post_type=product&#038;p=1138"},"modified":"2024-02-10T17:39:44","modified_gmt":"2024-02-10T22:39:44","slug":"aplicacion-para-el-control-de-tiempo-de-campos-deportivos","status":"publish","type":"product","link":"https:\/\/interactivasys.com\/blog\/producto\/aplicacion-para-el-control-de-tiempo-de-campos-deportivos\/","title":{"rendered":"Aplicaci\u00f3n para el control de tiempo de campos deportivos"},"content":{"rendered":"<div dir=\"auto\">Es una aplicaci\u00f3n desarrollada desde cero por nosotros, por lo que conocemos el c\u00f3digo y podr\u00edamos hacer adecuaciones menores y viables seg\u00fan el alcance de la misma herramienta.\u00a0Usa la l\u00f3gica b\u00e1sica del control y gesti\u00f3n de alquileres de canchas de f\u00fatbol en tiempo (Horas y d\u00edas) as\u00ed como un control b\u00e1sico de venta de productos en una bodega si es que la tuviese.<\/div>\n<div dir=\"auto\">Los reportes son limitados a las funciones de Excel. Se recomienda crear copias y exportar las tablas de movimientos por d\u00edas o semanas para tener un mejor control del flujo y tener limpia la aplicaci\u00f3n con cada inicio de ciclo de control.<\/div>\n<div dir=\"auto\"><\/div>\n<div dir=\"auto\">\n<div dir=\"auto\"><b>ALCANCE:<\/b><\/div>\n<div dir=\"auto\">\n<ul>\n<li>Necesita tener instalado Microsoft Office.<\/li>\n<li>Se ejecuta sobre el Sistema Operativo Windows en sus versiones 7\/8\/10\/11 (PC \/ Laptops)<\/li>\n<li>No requiere Internet.<\/li>\n<li>No requiere conocimientos\u00a0previos (Uso b\u00e1sico de Excel)<\/li>\n<li>Necesita un equipo con m\u00ednimo 2 GB de memoria RAM<\/li>\n<li>Lo ayudamos en la configuraci\u00f3n inicial de la aplicaci\u00f3n.<\/li>\n<li>Podemos adecuarlo a su moneda local<\/li>\n<\/ul>\n<\/div>\n<div dir=\"auto\"><b>LIMITACIONES:<\/b><\/div>\n<div dir=\"auto\">\n<ul>\n<li>No funciona en equipos MAC<\/li>\n<li>No funciona en dispositivos m\u00f3viles.<\/li>\n<li>No integra emisi\u00f3n ni gesti\u00f3n de comprobantes de pago<\/li>\n<li>Una vez que adquiere el producto, es suyo, por lo que no realizamos soportes o mantenimientos frecuentes sobre su archivo.<\/li>\n<\/ul>\n<div dir=\"auto\"><b>QUE TE ENTREGAMOS:<\/b><\/div>\n<div dir=\"auto\">\n<ul>\n<li>El archivo de la macro ejecutable<\/li>\n<li>C\u00f3digo fuente de la aplicaci\u00f3n<\/li>\n<li>Manual de configuraci\u00f3n inicial<\/li>\n<li>Garant\u00eda asistida y soporte remoto hasta que la aplicaci\u00f3n funcione al 100%<\/li>\n<\/ul>\n<\/div>\n<\/div>\n<\/div>\n","protected":false},"excerpt":{"rendered":"<div dir=\"auto\">Aplicaci\u00f3n VBA, que usa la l\u00f3gica b\u00e1sica del control y gesti\u00f3n para el alquiler de canchas de f\u00fatbol en tiempo (Horas y d\u00edas) as\u00ed como un control b\u00e1sico de venta de productos de tienda si es que la tuviese.<\/div>\n","protected":false},"featured_media":1139,"comment_status":"closed","ping_status":"closed","template":"","meta":{"site-sidebar-layout":"default","site-content-layout":"","ast-site-content-layout":"default","site-content-style":"default","site-sidebar-style":"default","ast-global-header-display":"","ast-banner-title-visibility":"","ast-main-header-display":"","ast-hfb-above-header-display":"","ast-hfb-below-header-display":"","ast-hfb-mobile-header-display":"","site-post-title":"","ast-breadcrumbs-content":"","ast-featured-img":"","footer-sml-layout":"","theme-transparent-header-meta":"default","adv-header-id-meta":"","stick-header-meta":"","header-above-stick-meta":"","header-main-stick-meta":"","header-below-stick-meta":"","astra-migrate-meta-layouts":"set","ast-page-background-enabled":"default","ast-page-background-meta":{"desktop":{"background-color":"var(--ast-global-color-4)","background-image":"","background-repeat":"repeat","background-position":"center center","background-size":"auto","background-attachment":"scroll","background-type":"","background-media":"","overlay-type":"","overlay-color":"","overlay-gradient":""},"tablet":{"background-color":"","background-image":"","background-repeat":"repeat","background-position":"center center","background-size":"auto","background-attachment":"scroll","background-type":"","background-media":"","overlay-type":"","overlay-color":"","overlay-gradient":""},"mobile":{"background-color":"","background-image":"","background-repeat":"repeat","background-position":"center center","background-size":"auto","background-attachment":"scroll","background-type":"","background-media":"","overlay-type":"","overlay-color":"","overlay-gradient":""}},"ast-content-background-meta":{"desktop":{"background-color":"var(--ast-global-color-5)","background-image":"","background-repeat":"repeat","background-position":"center center","background-size":"auto","background-attachment":"scroll","background-type":"","background-media":"","overlay-type":"","overlay-color":"","overlay-gradient":""},"tablet":{"background-color":"var(--ast-global-color-5)","background-image":"","background-repeat":"repeat","background-position":"center center","background-size":"auto","background-attachment":"scroll","background-type":"","background-media":"","overlay-type":"","overlay-color":"","overlay-gradient":""},"mobile":{"background-color":"var(--ast-global-color-5)","background-image":"","background-repeat":"repeat","background-position":"center center","background-size":"auto","background-attachment":"scroll","background-type":"","background-media":"","overlay-type":"","overlay-color":"","overlay-gradient":""}}},"product_brand":[],"product_cat":[64],"product_tag":[],"class_list":{"0":"post-1138","1":"product","2":"type-product","3":"status-publish","4":"has-post-thumbnail","6":"product_cat-software-aplicativos","7":"desktop-align-center","8":"tablet-align-left","9":"mobile-align-left","11":"first","12":"instock","13":"sale","14":"downloadable","15":"virtual","16":"purchasable","17":"product-type-simple"},"_links":{"self":[{"href":"https:\/\/interactivasys.com\/blog\/wp-json\/wp\/v2\/product\/1138"}],"collection":[{"href":"https:\/\/interactivasys.com\/blog\/wp-json\/wp\/v2\/product"}],"about":[{"href":"https:\/\/interactivasys.com\/blog\/wp-json\/wp\/v2\/types\/product"}],"replies":[{"embeddable":true,"href":"https:\/\/interactivasys.com\/blog\/wp-json\/wp\/v2\/comments?post=1138"}],"wp:featuredmedia":[{"embeddable":true,"href":"https:\/\/interactivasys.com\/blog\/wp-json\/wp\/v2\/media\/1139"}],"wp:attachment":[{"href":"https:\/\/interactivasys.com\/blog\/wp-json\/wp\/v2\/media?parent=1138"}],"wp:term":[{"taxonomy":"product_brand","embeddable":true,"href":"https:\/\/interactivasys.com\/blog\/wp-json\/wp\/v2\/product_brand?post=1138"},{"taxonomy":"product_cat","embeddable":true,"href":"https:\/\/interactivasys.com\/blog\/wp-json\/wp\/v2\/product_cat?post=1138"},{"taxonomy":"product_tag","embeddable":true,"href":"https:\/\/interactivasys.com\/blog\/wp-json\/wp\/v2\/product_tag?post=1138"}],"curies":[{"name":"wp","href":"https:\/\/api.w.org\/{rel}","templated":true}]}}